{"id":1029,"date":"2019-06-11T09:50:44","date_gmt":"2019-06-11T09:50:44","guid":{"rendered":"https:\/\/themes.getmotopress.com\/luviana\/?page_id=13"},"modified":"2020-07-02T14:09:49","modified_gmt":"2020-07-02T14:09:49","slug":"witamy","status":"publish","type":"page","link":"https:\/\/apartamentyleba.com.pl\/index.php\/home\/witamy\/","title":{"rendered":"Witamy w Apartamenty \u0141eba"},"content":{"rendered":"\n<p>Nasze wille zapewniaj\u0105 najwy\u017cszy standard pobytu w cichej i urokliwej okolicy. Nad brzegiem jeziora z malowniczymi ruchomymi wydmami.<\/p>\n\n\n\n<!--more-->\n\n\n\n<div class=\"wp-block-getwid-section alignfull alignfull getwid-margin-top-none getwid-margin-bottom-none\"><div class=\"wp-block-getwid-section__wrapper getwid-padding-top-medium getwid-padding-bottom-none getwid-padding-left-medium getwid-padding-right-medium getwid-padding-mobile-left-small getwid-padding-mobile-right-small\"><div class=\"wp-block-getwid-section__inner-wrapper\"><div class=\"wp-block-getwid-section__background-holder\"><div class=\"wp-block-getwid-section__background\"><\/div><div class=\"wp-block-getwid-section__foreground\"><\/div><\/div><div class=\"wp-block-getwid-section__content\"><div class=\"wp-block-getwid-section__inner-content\">\n<div class=\"wp-block-columns has-2-columns\">\n<div class=\"wp-block-column\">\n<div class=\"wp-block-getwid-advanced-heading is-style-style-1 has-custom-font-size\" style=\"font-size:12px;margin-bottom:20px\"><p class=\"wp-block-getwid-advanced-heading__content\" style=\"letter-spacing:1px\">PODNOSIMY KOMFORT NA NAJWY\u017bSZY POZIOM<\/p><\/div>\n\n\n\n<div class=\"wp-block-getwid-advanced-heading is-style-default\"><h2 class=\"wp-block-getwid-advanced-heading__content\">Witamy w Apartamentach \u0141eba<\/h2><\/div>\n<\/div>\n\n\n\n<div class=\"wp-block-column\">\n<p>S\u0105 to ma\u0142e komfortowe wille. Nasz personel oferuje uwa\u017cn\u0105 obs\u0142ug\u0119 wysokiej jako\u015bci i jest zawsze gotowy udzieli\u0107 wszelkiej pomocy go\u015bciom.<\/p>\n\n\n\n<p>Willa zajmuje trzy kondygnacje. Na parterze opr\u00f3cz recepcji znajduje si\u0119 komfortowy salon, w kt\u00f3rym mo\u017cna usi\u0105\u015b\u0107 i napi\u0107 si\u0119 herbaty lub po prostu poczyta\u0107. Jest te\u017c wspania\u0142y taras, na kt\u00f3rym mo\u017cna si\u0119 zrelaksowa\u0107 i zanurzy\u0107 w nadchodz\u0105cym poranku nowego cudownego dnia w atmosferze spokojnego, beztroskiego \u017cycia, obserwowa\u0107 wsch\u00f3d s\u0142o\u0144ca lub wydmy zlewaj\u0105ce si\u0119 z chmurami na horyzoncie. W willi panuje niesamowita fuzja ciszy i spokoju, a na zewn\u0105trz niesamowite kolory i \u015bpiew ptak\u00f3w.<\/p>\n<\/div>\n<\/div>\n\n\n\n<div style=\"height:50px\" aria-hidden=\"true\" class=\"wp-block-spacer\"><\/div>\n\n\n\n<div class=\"wp-block-columns has-2-columns\">\n<div class=\"wp-block-column\">\n<figure class=\"wp-block-image size-large\"><img loading=\"lazy\" width=\"1024\" height=\"680\" src=\"https:\/\/apartamentyleba.com.pl\/wp-content\/uploads\/2020\/07\/DSC4217-copy-1024x680.jpg\" alt=\"\" class=\"wp-image-1048\" srcset=\"https:\/\/apartamentyleba.com.pl\/wp-content\/uploads\/2020\/07\/DSC4217-copy-1024x680.jpg 1024w, https:\/\/apartamentyleba.com.pl\/wp-content\/uploads\/2020\/07\/DSC4217-copy-300x199.jpg 300w, https:\/\/apartamentyleba.com.pl\/wp-content\/uploads\/2020\/07\/DSC4217-copy-768x510.jpg 768w, https:\/\/apartamentyleba.com.pl\/wp-content\/uploads\/2020\/07\/DSC4217-copy-1536x1020.jpg 1536w, https:\/\/apartamentyleba.com.pl\/wp-content\/uploads\/2020\/07\/DSC4217-copy-2048x1360.jpg 2048w, https:\/\/apartamentyleba.com.pl\/wp-content\/uploads\/2020\/07\/DSC4217-copy-1170x777.jpg 1170w\" sizes=\"(max-width: 1024px) 100vw, 1024px\" \/><\/figure>\n<\/div>\n\n\n\n<div class=\"wp-block-column\">\n<figure class=\"wp-block-image size-large\"><img loading=\"lazy\" width=\"1024\" height=\"680\" src=\"https:\/\/apartamentyleba.com.pl\/wp-content\/uploads\/2020\/07\/DSC4385-1024x680.jpg\" alt=\"\" class=\"wp-image-1049\" srcset=\"https:\/\/apartamentyleba.com.pl\/wp-content\/uploads\/2020\/07\/DSC4385-1024x680.jpg 1024w, https:\/\/apartamentyleba.com.pl\/wp-content\/uploads\/2020\/07\/DSC4385-300x199.jpg 300w, https:\/\/apartamentyleba.com.pl\/wp-content\/uploads\/2020\/07\/DSC4385-768x510.jpg 768w, https:\/\/apartamentyleba.com.pl\/wp-content\/uploads\/2020\/07\/DSC4385-1536x1020.jpg 1536w, https:\/\/apartamentyleba.com.pl\/wp-content\/uploads\/2020\/07\/DSC4385-2048x1360.jpg 2048w, https:\/\/apartamentyleba.com.pl\/wp-content\/uploads\/2020\/07\/DSC4385-1170x777.jpg 1170w\" sizes=\"(max-width: 1024px) 100vw, 1024px\" \/><\/figure>\n<\/div>\n<\/div>\n<\/div><\/div><\/div><\/div><\/div>\n","protected":false},"excerpt":{"rendered":"<p>Willa Ilona to w\u0142a\u015bciwy wyb\u00f3r dla os\u00f3b, kt\u00f3re szukaj\u0105 po\u0142\u0105czenia uroku, spokoju, ciszy i dogodnego miejsca, z kt\u00f3rego mo\u017cna zwiedza\u0107 okolic\u0119.<\/p>\n","protected":false},"author":1,"featured_media":1046,"parent":1028,"menu_order":0,"comment_status":"closed","ping_status":"closed","template":"","meta":[],"_links":{"self":[{"href":"https:\/\/apartamentyleba.com.pl\/index.php\/wp-json\/wp\/v2\/pages\/1029"}],"collection":[{"href":"https:\/\/apartamentyleba.com.pl\/index.php\/wp-json\/wp\/v2\/pages"}],"about":[{"href":"https:\/\/apartamentyleba.com.pl\/index.php\/wp-json\/wp\/v2\/types\/page"}],"author":[{"embeddable":true,"href":"https:\/\/apartamentyleba.com.pl\/index.php\/wp-json\/wp\/v2\/users\/1"}],"replies":[{"embeddable":true,"href":"https:\/\/apartamentyleba.com.pl\/index.php\/wp-json\/wp\/v2\/comments?post=1029"}],"version-history":[{"count":6,"href":"https:\/\/apartamentyleba.com.pl\/index.php\/wp-json\/wp\/v2\/pages\/1029\/revisions"}],"predecessor-version":[{"id":1174,"href":"https:\/\/apartamentyleba.com.pl\/index.php\/wp-json\/wp\/v2\/pages\/1029\/revisions\/1174"}],"up":[{"embeddable":true,"href":"https:\/\/apartamentyleba.com.pl\/index.php\/wp-json\/wp\/v2\/pages\/1028"}],"wp:featuredmedia":[{"embeddable":true,"href":"https:\/\/apartamentyleba.com.pl\/index.php\/wp-json\/wp\/v2\/media\/1046"}],"wp:attachment":[{"href":"https:\/\/apartamentyleba.com.pl\/index.php\/wp-json\/wp\/v2\/media?parent=1029"}],"curies":[{"name":"wp","href":"https:\/\/api.w.org\/{rel}","templated":true}]}}