{"id":1030,"date":"2019-06-11T09:53:36","date_gmt":"2019-06-11T09:53:36","guid":{"rendered":"https:\/\/themes.getmotopress.com\/luviana\/?page_id=17"},"modified":"2020-07-07T11:32:16","modified_gmt":"2020-07-07T11:32:16","slug":"restaurant","status":"publish","type":"page","link":"https:\/\/apartamentyleba.com.pl\/index.php\/home\/restaurant\/","title":{"rendered":"Kuchnia i restauracje"},"content":{"rendered":"\n<p>W apartamentach znajduje si\u0119 wygodny aneks kuchenny, dla mieszka\u0144c\u00f3w w kt\u00f3rym przygotujecie niezwyk\u0142e dania. W willi jest te\u017c du\u017ca kuchnia z jadalni\u0105, dla przygotowywania wsp\u00f3lnych posi\u0142k\u00f3w przez mieszka\u0144c\u00f3w, co mo\u017ce by\u0107 powodem dobrej zabawy i nawi\u0105zania nowych znajomo\u015bci.<\/p>\n\n\n\n<!--more-->\n\n\n\n<div class=\"wp-block-getwid-section alignfull alignfull has-inner-blocks-gap-none\"><div class=\"wp-block-getwid-section__wrapper getwid-padding-top-medium getwid-padding-bottom-none getwid-padding-left-medium getwid-padding-right-medium getwid-padding-mobile-left-small getwid-padding-mobile-right-small\"><div class=\"wp-block-getwid-section__inner-wrapper\"><div class=\"wp-block-getwid-section__background-holder\"><div class=\"wp-block-getwid-section__background\"><\/div><div class=\"wp-block-getwid-section__foreground\"><\/div><\/div><div class=\"wp-block-getwid-section__content\"><div class=\"wp-block-getwid-section__inner-content\">\n<div class=\"wp-block-getwid-image-box has-image-left has-text-left has-mobile-layout-column has-mobile-alignment-default\"><div style=\"margin-right:90px\" class=\"wp-block-getwid-image-box__image-container is-position-middle\"><div class=\"wp-block-getwid-image-box__image-wrapper\"><img loading=\"lazy\" width=\"1700\" height=\"2560\" src=\"https:\/\/apartamentyleba.com.pl\/wp-content\/uploads\/2020\/07\/DSC3884-copy-scaled.jpg\" alt=\"\" class=\"wp-block-getwid-image-box__image wp-image-1070\" srcset=\"https:\/\/apartamentyleba.com.pl\/wp-content\/uploads\/2020\/07\/DSC3884-copy-scaled.jpg 1700w, https:\/\/apartamentyleba.com.pl\/wp-content\/uploads\/2020\/07\/DSC3884-copy-199x300.jpg 199w, https:\/\/apartamentyleba.com.pl\/wp-content\/uploads\/2020\/07\/DSC3884-copy-680x1024.jpg 680w, https:\/\/apartamentyleba.com.pl\/wp-content\/uploads\/2020\/07\/DSC3884-copy-768x1156.jpg 768w, https:\/\/apartamentyleba.com.pl\/wp-content\/uploads\/2020\/07\/DSC3884-copy-1020x1536.jpg 1020w, https:\/\/apartamentyleba.com.pl\/wp-content\/uploads\/2020\/07\/DSC3884-copy-1360x2048.jpg 1360w, https:\/\/apartamentyleba.com.pl\/wp-content\/uploads\/2020\/07\/DSC3884-copy-1170x1762.jpg 1170w\" sizes=\"(max-width: 1700px) 100vw, 1700px\" \/><\/div><\/div><div class=\"wp-block-getwid-image-box__content\">\n<div class=\"wp-block-getwid-advanced-heading\" style=\"margin-bottom:30px\"><h2 class=\"wp-block-getwid-advanced-heading__content\">Aneks kuchenny w Apartamencie<\/h2><\/div>\n\n\n\n<p>W apartamenie &#8211; 5 znajduje si\u0119 wygodny aneks kuchenny, dla mieszka\u0144c\u00f3w w kt\u00f3rym przygotujecie niezwyk\u0142e dania. W willi jest te\u017c du\u017ca kuchnia z jadalni\u0105, dla przygotowywania wsp\u00f3lnych posi\u0142k\u00f3w przez mieszka\u0144c\u00f3w, co mo\u017ce by\u0107 powodem dobrej zabawy i nawi\u0105zania nowych znajomo\u015bci.<\/p>\n\n\n\n<div style=\"height:20px\" aria-hidden=\"true\" class=\"wp-block-spacer\"><\/div>\n\n\n\n<div class=\"wp-block-button is-style-link\"><a class=\"wp-block-button__link\" href=\"#\">Read More<\/a><\/div>\n<\/div><\/div>\n\n\n\n<div class=\"wp-block-getwid-image-box has-image-right has-text-left has-mobile-layout-column has-mobile-alignment-default\"><div style=\"margin-left:90px\" class=\"wp-block-getwid-image-box__image-container is-position-middle\"><div class=\"wp-block-getwid-image-box__image-wrapper\"><img loading=\"lazy\" width=\"1600\" height=\"1600\" src=\"https:\/\/apartamentyleba.com.pl\/wp-content\/uploads\/2019\/07\/japanise-kitchen.jpg\" alt=\"\" class=\"wp-block-getwid-image-box__image wp-image-587\" srcset=\"https:\/\/apartamentyleba.com.pl\/wp-content\/uploads\/2019\/07\/japanise-kitchen.jpg 1600w, https:\/\/apartamentyleba.com.pl\/wp-content\/uploads\/2019\/07\/japanise-kitchen-300x300.jpg 300w, https:\/\/apartamentyleba.com.pl\/wp-content\/uploads\/2019\/07\/japanise-kitchen-1024x1024.jpg 1024w, https:\/\/apartamentyleba.com.pl\/wp-content\/uploads\/2019\/07\/japanise-kitchen-150x150.jpg 150w, https:\/\/apartamentyleba.com.pl\/wp-content\/uploads\/2019\/07\/japanise-kitchen-768x768.jpg 768w, https:\/\/apartamentyleba.com.pl\/wp-content\/uploads\/2019\/07\/japanise-kitchen-1536x1536.jpg 1536w, https:\/\/apartamentyleba.com.pl\/wp-content\/uploads\/2019\/07\/japanise-kitchen-1170x1170.jpg 1170w, https:\/\/apartamentyleba.com.pl\/wp-content\/uploads\/2019\/07\/japanise-kitchen-992x992.jpg 992w\" sizes=\"(max-width: 1600px) 100vw, 1600px\" \/><\/div><\/div><div class=\"wp-block-getwid-image-box__content\">\n<div class=\"wp-block-getwid-advanced-heading\" style=\"margin-bottom:30px\"><h2 class=\"wp-block-getwid-advanced-heading__content\">Chata Rybacka<\/h2><\/div>\n\n\n\n<p>Restauracja Chata Rybacka po\u0142o\u017cona jest przy g\u0142\u00f3wnej promenadzie miasta w porcie rybackim, sk\u0105d odp\u0142ywaj\u0105 statki pasa\u017cerskie. Jest jedynym i niepowtarzalnym miejscem, w kt\u00f3rym pyszn\u0105 ryb\u0119 mo\u017cna skonsumowa\u0107 siedz\u0105c w ogr\u00f3dku letnim po\u0142o\u017conym przy kanale portowym. W lokalu posiadamy dwadzie\u015bcia miejsc oraz ponad sto miejsc konsumenckich na naszym cz\u0119\u015bciowo zadaszonym tarasie. Od samego pocz\u0105tku podchodzimy do naszej pracy z pasj\u0105 i zaanga\u017cowaniem. W przygotowanie posi\u0142k\u00f3w wk\u0142adamy ca\u0142e nasze serce.<\/p>\n\n\n\n<div style=\"height:20px\" aria-hidden=\"true\" class=\"wp-block-spacer\"><\/div>\n\n\n\n<div class=\"wp-block-button is-style-link\"><a class=\"wp-block-button__link\" href=\"#\">Read More<\/a><\/div>\n<\/div><\/div>\n\n\n\n<div class=\"wp-block-getwid-image-box has-image-left has-text-left has-mobile-layout-column has-mobile-alignment-default\"><div style=\"margin-right:90px\" class=\"wp-block-getwid-image-box__image-container is-position-middle\"><div class=\"wp-block-getwid-image-box__image-wrapper\"><img loading=\"lazy\" width=\"1600\" height=\"1600\" src=\"https:\/\/apartamentyleba.com.pl\/wp-content\/uploads\/2019\/07\/mexican-kitchen.jpg\" alt=\"\" class=\"wp-block-getwid-image-box__image wp-image-586\" srcset=\"https:\/\/apartamentyleba.com.pl\/wp-content\/uploads\/2019\/07\/mexican-kitchen.jpg 1600w, https:\/\/apartamentyleba.com.pl\/wp-content\/uploads\/2019\/07\/mexican-kitchen-300x300.jpg 300w, https:\/\/apartamentyleba.com.pl\/wp-content\/uploads\/2019\/07\/mexican-kitchen-1024x1024.jpg 1024w, https:\/\/apartamentyleba.com.pl\/wp-content\/uploads\/2019\/07\/mexican-kitchen-150x150.jpg 150w, https:\/\/apartamentyleba.com.pl\/wp-content\/uploads\/2019\/07\/mexican-kitchen-768x768.jpg 768w, https:\/\/apartamentyleba.com.pl\/wp-content\/uploads\/2019\/07\/mexican-kitchen-1536x1536.jpg 1536w, https:\/\/apartamentyleba.com.pl\/wp-content\/uploads\/2019\/07\/mexican-kitchen-1170x1170.jpg 1170w, https:\/\/apartamentyleba.com.pl\/wp-content\/uploads\/2019\/07\/mexican-kitchen-992x992.jpg 992w\" sizes=\"(max-width: 1600px) 100vw, 1600px\" \/><\/div><\/div><div class=\"wp-block-getwid-image-box__content\">\n<div class=\"wp-block-getwid-advanced-heading\" style=\"margin-bottom:30px\"><h2 class=\"wp-block-getwid-advanced-heading__content\">Czary &amp; Mary<\/h2><\/div>\n\n\n\n<p>KUCHNIE: Ameryka\u0144ska, Bar, Fast Food, Grill SPECJALNE WYMAGANIA DIETETYCZNE: Miejsce przyjazne dla wegetarian POSI\u0141KI: Lunch, Obiad, Brunch, Po godzinach, Napoje FUNKCJE: Dostawa, Na wynos, Ogr\u00f3dek, Alkohol, Bar, Rezerwacje, Wino i piwo, Bezp\u0142atna sie\u0107 Wi-Fi, Obs\u0142uga kelnerska<\/p>\n\n\n\n<div style=\"height:20px\" aria-hidden=\"true\" class=\"wp-block-spacer\"><\/div>\n\n\n\n<div class=\"wp-block-button is-style-link\"><a class=\"wp-block-button__link\" href=\"#\">Read More<\/a><\/div>\n<\/div><\/div>\n\n\n\n<div class=\"wp-block-getwid-image-box has-image-right has-text-left has-mobile-layout-column has-mobile-alignment-default\"><div style=\"margin-left:90px\" class=\"wp-block-getwid-image-box__image-container is-position-middle\"><div class=\"wp-block-getwid-image-box__image-wrapper\"><img loading=\"lazy\" width=\"1024\" height=\"1024\" src=\"https:\/\/themes.getmotopress.com\/luviana\/wp-content\/uploads\/sites\/27\/2019\/07\/indian-kitchen-1024x1024.jpg\" alt=\"\" class=\"wp-block-getwid-image-box__image wp-image-589\" srcset=\"https:\/\/apartamentyleba.com.pl\/wp-content\/uploads\/2019\/07\/indian-kitchen-1024x1024.jpg 1024w, https:\/\/apartamentyleba.com.pl\/wp-content\/uploads\/2019\/07\/indian-kitchen-300x300.jpg 300w, https:\/\/apartamentyleba.com.pl\/wp-content\/uploads\/2019\/07\/indian-kitchen-150x150.jpg 150w, https:\/\/apartamentyleba.com.pl\/wp-content\/uploads\/2019\/07\/indian-kitchen-768x768.jpg 768w, https:\/\/apartamentyleba.com.pl\/wp-content\/uploads\/2019\/07\/indian-kitchen-1536x1536.jpg 1536w, https:\/\/apartamentyleba.com.pl\/wp-content\/uploads\/2019\/07\/indian-kitchen-1170x1170.jpg 1170w, https:\/\/apartamentyleba.com.pl\/wp-content\/uploads\/2019\/07\/indian-kitchen-992x992.jpg 992w, https:\/\/apartamentyleba.com.pl\/wp-content\/uploads\/2019\/07\/indian-kitchen.jpg 1600w\" sizes=\"(max-width: 1024px) 100vw, 1024px\" \/><\/div><\/div><div class=\"wp-block-getwid-image-box__content\">\n<div class=\"wp-block-getwid-advanced-heading\" style=\"margin-bottom:30px\"><h2 class=\"wp-block-getwid-advanced-heading__content\">Bonanza Bar<\/h2><\/div>\n\n\n\n<p>Bar Bonanza to zdecydowanie najlepsze jedzenie w \u0141ebie! Sma\u017calnia ryb, pizzeria, kebab, zapiekanki XXL, domowe obiady &#8211; wszystko w jednym miejscu!<\/p>\n\n\n\n<div style=\"height:20px\" aria-hidden=\"true\" class=\"wp-block-spacer\"><\/div>\n\n\n\n<div class=\"wp-block-button is-style-link\"><a class=\"wp-block-button__link\" href=\"#\">Read More<\/a><\/div>\n<\/div><\/div>\n<\/div><\/div><\/div><\/div><\/div>\n","protected":false},"excerpt":{"rendered":"<p>W apartamentach znajduje si\u0119 wygodny aneks kuchenny, dla mieszka\u0144c\u00f3w w kt\u00f3rym przygotujecie niezwyk\u0142e dania. W willi jest te\u017c du\u017ca kuchnia z jadalni\u0105, dla przygotowywania wsp\u00f3lnych posi\u0142k\u00f3w przez mieszka\u0144c\u00f3w, co mo\u017ce by\u0107 powodem dobrej zabawy i nawi\u0105zania nowych znajomo\u015bci.<\/p>\n","protected":false},"author":1,"featured_media":1043,"parent":1028,"menu_order":0,"comment_status":"closed","ping_status":"closed","template":"","meta":[],"_links":{"self":[{"href":"https:\/\/apartamentyleba.com.pl\/index.php\/wp-json\/wp\/v2\/pages\/1030"}],"collection":[{"href":"https:\/\/apartamentyleba.com.pl\/index.php\/wp-json\/wp\/v2\/pages"}],"about":[{"href":"https:\/\/apartamentyleba.com.pl\/index.php\/wp-json\/wp\/v2\/types\/page"}],"author":[{"embeddable":true,"href":"https:\/\/apartamentyleba.com.pl\/index.php\/wp-json\/wp\/v2\/users\/1"}],"replies":[{"embeddable":true,"href":"https:\/\/apartamentyleba.com.pl\/index.php\/wp-json\/wp\/v2\/comments?post=1030"}],"version-history":[{"count":7,"href":"https:\/\/apartamentyleba.com.pl\/index.php\/wp-json\/wp\/v2\/pages\/1030\/revisions"}],"predecessor-version":[{"id":1202,"href":"https:\/\/apartamentyleba.com.pl\/index.php\/wp-json\/wp\/v2\/pages\/1030\/revisions\/1202"}],"up":[{"embeddable":true,"href":"https:\/\/apartamentyleba.com.pl\/index.php\/wp-json\/wp\/v2\/pages\/1028"}],"wp:featuredmedia":[{"embeddable":true,"href":"https:\/\/apartamentyleba.com.pl\/index.php\/wp-json\/wp\/v2\/media\/1043"}],"wp:attachment":[{"href":"https:\/\/apartamentyleba.com.pl\/index.php\/wp-json\/wp\/v2\/media?parent=1030"}],"curies":[{"name":"wp","href":"https:\/\/api.w.org\/{rel}","templated":true}]}}