{"id":228,"date":"2019-06-12T07:44:45","date_gmt":"2019-06-12T07:44:45","guid":{"rendered":"https:\/\/themes.getmotopress.com\/luviana\/?page_id=228"},"modified":"2020-08-28T15:57:37","modified_gmt":"2020-08-28T15:57:37","slug":"about-luviana","status":"publish","type":"page","link":"https:\/\/apartamentyleba.com.pl\/index.php\/about-luviana\/","title":{"rendered":"O nas"},"content":{"rendered":"\n<div class=\"wp-block-getwid-section alignfull alignfull getwid-margin-top-none getwid-margin-bottom-none\"><div class=\"wp-block-getwid-section__wrapper getwid-padding-top-none getwid-padding-bottom-none getwid-padding-left-medium getwid-padding-right-medium getwid-padding-mobile-left-small getwid-padding-mobile-right-small\"><div class=\"wp-block-getwid-section__inner-wrapper\"><div class=\"wp-block-getwid-section__background-holder\"><div class=\"wp-block-getwid-section__background\"><\/div><div class=\"wp-block-getwid-section__foreground\"><\/div><\/div><div class=\"wp-block-getwid-section__content\"><div class=\"wp-block-getwid-section__inner-content\">\n<div class=\"wp-block-columns has-2-columns\">\n<div class=\"wp-block-column\">\n<div class=\"wp-block-getwid-advanced-heading is-style-style-1 has-custom-font-size\" style=\"font-size:12px;margin-bottom:0px\"><p class=\"wp-block-getwid-advanced-heading__content\" style=\"letter-spacing:0.1em\">PODNOSIMY KOMFORT NA NAJWY\u017bSZY POZIOM<\/p><\/div>\n\n\n\n<div class=\"wp-block-getwid-advanced-heading is-style-default\" style=\"margin-top:10px\"><h2 class=\"wp-block-getwid-advanced-heading__content\">Witamy w Apartamentach \u0141eba<\/h2><\/div>\n<\/div>\n\n\n\n<div class=\"wp-block-column\">\n<p>Willa Ilona to w\u0142a\u015bciwy wyb\u00f3r dla os\u00f3b poszukuj\u0105cych po\u0142\u0105czenia uroku i dogodnego miejsca, z kt\u00f3rego mo\u017cna zwiedza\u0107 okolic\u0119<\/p>\n\n\n\n<p>Pokoje rozmieszczone s\u0105 na pierwszym i drugim pi\u0119trze. Na parterze znajduje si\u0119 r\u00f3wnie\u017c uroczy taras z kt\u00f3rego mo\u017cna podziwia\u0107 zach\u00f3d s\u0142o\u0144ca.<\/p>\n<\/div>\n<\/div>\n<\/div><\/div><\/div><\/div><\/div>\n\n\n\n<div class=\"wp-block-getwid-section alignfull alignfull getwid-margin-top-none getwid-margin-bottom-none\"><div class=\"wp-block-getwid-section__wrapper getwid-padding-top-normal getwid-padding-bottom-normal getwid-padding-left-medium getwid-padding-right-medium getwid-padding-mobile-left-small getwid-padding-mobile-right-small\"><div class=\"wp-block-getwid-section__inner-wrapper\"><div class=\"wp-block-getwid-section__background-holder\"><div class=\"wp-block-getwid-section__background\"><\/div><div class=\"wp-block-getwid-section__foreground\"><\/div><\/div><div class=\"wp-block-getwid-section__content\"><div class=\"wp-block-getwid-section__inner-content\">\n<div class=\"wp-block-columns has-2-columns\">\n<div class=\"wp-block-column\">\n<figure class=\"wp-block-image size-large\"><img loading=\"lazy\" width=\"1024\" height=\"680\" src=\"https:\/\/apartamentyleba.com.pl\/wp-content\/uploads\/2020\/07\/DSC4217-copy-1024x680.jpg\" alt=\"\" class=\"wp-image-1048\" srcset=\"https:\/\/apartamentyleba.com.pl\/wp-content\/uploads\/2020\/07\/DSC4217-copy-1024x680.jpg 1024w, https:\/\/apartamentyleba.com.pl\/wp-content\/uploads\/2020\/07\/DSC4217-copy-300x199.jpg 300w, https:\/\/apartamentyleba.com.pl\/wp-content\/uploads\/2020\/07\/DSC4217-copy-768x510.jpg 768w, https:\/\/apartamentyleba.com.pl\/wp-content\/uploads\/2020\/07\/DSC4217-copy-1536x1020.jpg 1536w, https:\/\/apartamentyleba.com.pl\/wp-content\/uploads\/2020\/07\/DSC4217-copy-2048x1360.jpg 2048w, https:\/\/apartamentyleba.com.pl\/wp-content\/uploads\/2020\/07\/DSC4217-copy-1170x777.jpg 1170w\" sizes=\"(max-width: 1024px) 100vw, 1024px\" \/><\/figure>\n<\/div>\n\n\n\n<div class=\"wp-block-column\">\n<figure class=\"wp-block-image size-large\"><img loading=\"lazy\" width=\"1024\" height=\"680\" src=\"https:\/\/apartamentyleba.com.pl\/wp-content\/uploads\/2020\/07\/DSC4385-1024x680.jpg\" alt=\"\" class=\"wp-image-1049\" srcset=\"https:\/\/apartamentyleba.com.pl\/wp-content\/uploads\/2020\/07\/DSC4385-1024x680.jpg 1024w, https:\/\/apartamentyleba.com.pl\/wp-content\/uploads\/2020\/07\/DSC4385-300x199.jpg 300w, https:\/\/apartamentyleba.com.pl\/wp-content\/uploads\/2020\/07\/DSC4385-768x510.jpg 768w, https:\/\/apartamentyleba.com.pl\/wp-content\/uploads\/2020\/07\/DSC4385-1536x1020.jpg 1536w, https:\/\/apartamentyleba.com.pl\/wp-content\/uploads\/2020\/07\/DSC4385-2048x1360.jpg 2048w, https:\/\/apartamentyleba.com.pl\/wp-content\/uploads\/2020\/07\/DSC4385-1170x777.jpg 1170w\" sizes=\"(max-width: 1024px) 100vw, 1024px\" \/><\/figure>\n<\/div>\n<\/div>\n<\/div><\/div><\/div><\/div><\/div>\n\n\n\n<div class=\"wp-block-getwid-section alignfull alignfull getwid-margin-top-none getwid-margin-bottom-none\"><div class=\"wp-block-getwid-section__wrapper getwid-padding-top-none getwid-padding-bottom-none getwid-padding-left-medium getwid-padding-right-medium getwid-padding-mobile-left-small getwid-padding-mobile-right-small\"><div class=\"wp-block-getwid-section__inner-wrapper\"><div class=\"wp-block-getwid-section__background-holder\"><div class=\"wp-block-getwid-section__background\"><\/div><div class=\"wp-block-getwid-section__foreground\"><\/div><\/div><div class=\"wp-block-getwid-section__content\"><div class=\"wp-block-getwid-section__inner-content\">\n<div class=\"wp-block-columns has-2-columns\">\n<div class=\"wp-block-column\">\n<div class=\"wp-block-getwid-advanced-heading is-style-style-1 has-custom-font-size\" style=\"font-size:12px;margin-bottom:0px\"><p class=\"wp-block-getwid-advanced-heading__content\" style=\"letter-spacing:0.1em\">ODKRYJ UROK  WILLI ILONA<\/p><\/div>\n\n\n\n<div class=\"wp-block-getwid-advanced-heading is-style-default\" style=\"margin-top:10px\"><h2 class=\"wp-block-getwid-advanced-heading__content\">Pokoje i Apartamenty<\/h2><\/div>\n<\/div>\n\n\n\n<div class=\"wp-block-column\">\n<p>Nasze Wille oferuj\u0105 szeroki wyb\u00f3r pokoi. Pokoje standardowe, pokoje typu deluxe lub apartamenty \u2013 w naszych willach na pewno znajdziesz to, co najbardziej Ci odpowiada. Wszystkie apartamenty maj\u0105 nowoczesny design, wszystkie potrzebne udogodnienia i doskona\u0142y widok z okien.<\/p>\n<\/div>\n<\/div>\n<\/div><\/div><\/div><\/div><\/div>\n\n\n\n<div class=\"wp-block-getwid-section alignfull alignfull getwid-margin-top-none getwid-margin-bottom-none\"><div class=\"wp-block-getwid-section__wrapper getwid-padding-top-normal getwid-padding-bottom-normal getwid-padding-left-medium getwid-padding-right-medium getwid-padding-mobile-left-small getwid-padding-mobile-right-small\"><div class=\"wp-block-getwid-section__inner-wrapper\"><div class=\"wp-block-getwid-section__background-holder\"><div class=\"wp-block-getwid-section__background\"><\/div><div class=\"wp-block-getwid-section__foreground\"><\/div><\/div><div class=\"wp-block-getwid-section__content\"><div class=\"wp-block-getwid-section__inner-content\">\n<div class=\"wp-block-columns has-2-columns\">\n<div class=\"wp-block-column\">\n<div class=\"wp-block-getwid-images-stack is-layout-zeta\"><div class=\"wp-block-getwid-images-stack__wrapper\"><div class=\"wp-block-getwid-images-stack__chunk\"><div class=\"wp-block-getwid-images-stack__media-wrapper\"><div class=\"wp-block-getwid-images-stack__media-inner-wrapper\"><img loading=\"lazy\" width=\"2560\" height=\"1700\" class=\"wp-block-getwid-images-stack__media wp-image-1127\" src=\"https:\/\/apartamentyleba.com.pl\/wp-content\/uploads\/2019\/06\/DSC4303-1-scaled.jpg\" data-id=\"1127\" data-link=\"https:\/\/apartamentyleba.com.pl\/index.php\/accommodation\/standard-single-room\/_dsc4303-3\/\" srcset=\"https:\/\/apartamentyleba.com.pl\/wp-content\/uploads\/2019\/06\/DSC4303-1-scaled.jpg 2560w, https:\/\/apartamentyleba.com.pl\/wp-content\/uploads\/2019\/06\/DSC4303-1-300x199.jpg 300w, https:\/\/apartamentyleba.com.pl\/wp-content\/uploads\/2019\/06\/DSC4303-1-1024x680.jpg 1024w, https:\/\/apartamentyleba.com.pl\/wp-content\/uploads\/2019\/06\/DSC4303-1-768x510.jpg 768w, https:\/\/apartamentyleba.com.pl\/wp-content\/uploads\/2019\/06\/DSC4303-1-1536x1020.jpg 1536w, https:\/\/apartamentyleba.com.pl\/wp-content\/uploads\/2019\/06\/DSC4303-1-2048x1360.jpg 2048w, https:\/\/apartamentyleba.com.pl\/wp-content\/uploads\/2019\/06\/DSC4303-1-1170x777.jpg 1170w\" sizes=\"(max-width: 2560px) 100vw, 2560px\" \/><\/div><\/div><div class=\"wp-block-getwid-images-stack__media-wrapper\"><div class=\"wp-block-getwid-images-stack__media-inner-wrapper\"><img loading=\"lazy\" width=\"2560\" height=\"1700\" class=\"wp-block-getwid-images-stack__media wp-image-1141\" src=\"https:\/\/apartamentyleba.com.pl\/wp-content\/uploads\/2019\/06\/DSC3842-copy-scaled.jpg\" data-id=\"1141\" data-link=\"https:\/\/apartamentyleba.com.pl\/index.php\/accommodation\/classic-double-room\/_dsc3842-copy\/\" srcset=\"https:\/\/apartamentyleba.com.pl\/wp-content\/uploads\/2019\/06\/DSC3842-copy-scaled.jpg 2560w, https:\/\/apartamentyleba.com.pl\/wp-content\/uploads\/2019\/06\/DSC3842-copy-300x199.jpg 300w, https:\/\/apartamentyleba.com.pl\/wp-content\/uploads\/2019\/06\/DSC3842-copy-1024x680.jpg 1024w, https:\/\/apartamentyleba.com.pl\/wp-content\/uploads\/2019\/06\/DSC3842-copy-768x510.jpg 768w, https:\/\/apartamentyleba.com.pl\/wp-content\/uploads\/2019\/06\/DSC3842-copy-1536x1020.jpg 1536w, https:\/\/apartamentyleba.com.pl\/wp-content\/uploads\/2019\/06\/DSC3842-copy-2048x1360.jpg 2048w, https:\/\/apartamentyleba.com.pl\/wp-content\/uploads\/2019\/06\/DSC3842-copy-1170x777.jpg 1170w\" sizes=\"(max-width: 2560px) 100vw, 2560px\" \/><\/div><\/div><div class=\"wp-block-getwid-images-stack__media-wrapper\"><div class=\"wp-block-getwid-images-stack__media-inner-wrapper\"><img loading=\"lazy\" width=\"2560\" height=\"1700\" class=\"wp-block-getwid-images-stack__media wp-image-1138\" src=\"https:\/\/apartamentyleba.com.pl\/wp-content\/uploads\/2019\/06\/DSC4006-copy-scaled.jpg\" data-id=\"1138\" data-link=\"https:\/\/apartamentyleba.com.pl\/index.php\/accommodation\/comfort-triple-room\/_dsc4006-copy\/\" srcset=\"https:\/\/apartamentyleba.com.pl\/wp-content\/uploads\/2019\/06\/DSC4006-copy-scaled.jpg 2560w, https:\/\/apartamentyleba.com.pl\/wp-content\/uploads\/2019\/06\/DSC4006-copy-300x199.jpg 300w, https:\/\/apartamentyleba.com.pl\/wp-content\/uploads\/2019\/06\/DSC4006-copy-1024x680.jpg 1024w, https:\/\/apartamentyleba.com.pl\/wp-content\/uploads\/2019\/06\/DSC4006-copy-768x510.jpg 768w, https:\/\/apartamentyleba.com.pl\/wp-content\/uploads\/2019\/06\/DSC4006-copy-1536x1020.jpg 1536w, https:\/\/apartamentyleba.com.pl\/wp-content\/uploads\/2019\/06\/DSC4006-copy-2048x1360.jpg 2048w, https:\/\/apartamentyleba.com.pl\/wp-content\/uploads\/2019\/06\/DSC4006-copy-1170x777.jpg 1170w\" sizes=\"(max-width: 2560px) 100vw, 2560px\" \/><\/div><\/div><\/div><\/div><\/div>\n<\/div>\n\n\n\n<div class=\"wp-block-column\">\n<div class=\"wp-block-getwid-images-stack\"><div class=\"wp-block-getwid-images-stack__wrapper\"><div class=\"wp-block-getwid-images-stack__chunk\"><div class=\"wp-block-getwid-images-stack__media-wrapper\"><div class=\"wp-block-getwid-images-stack__media-inner-wrapper\"><img loading=\"lazy\" width=\"1700\" height=\"2560\" class=\"wp-block-getwid-images-stack__media wp-image-1123\" src=\"https:\/\/apartamentyleba.com.pl\/wp-content\/uploads\/2019\/06\/DSC3983-copy-scaled.jpg\" data-id=\"1123\" data-link=\"https:\/\/apartamentyleba.com.pl\/index.php\/accommodation\/standard-single-room\/_dsc3983-copy\/\" srcset=\"https:\/\/apartamentyleba.com.pl\/wp-content\/uploads\/2019\/06\/DSC3983-copy-scaled.jpg 1700w, https:\/\/apartamentyleba.com.pl\/wp-content\/uploads\/2019\/06\/DSC3983-copy-199x300.jpg 199w, https:\/\/apartamentyleba.com.pl\/wp-content\/uploads\/2019\/06\/DSC3983-copy-680x1024.jpg 680w, https:\/\/apartamentyleba.com.pl\/wp-content\/uploads\/2019\/06\/DSC3983-copy-768x1156.jpg 768w, https:\/\/apartamentyleba.com.pl\/wp-content\/uploads\/2019\/06\/DSC3983-copy-1020x1536.jpg 1020w, https:\/\/apartamentyleba.com.pl\/wp-content\/uploads\/2019\/06\/DSC3983-copy-1360x2048.jpg 1360w, https:\/\/apartamentyleba.com.pl\/wp-content\/uploads\/2019\/06\/DSC3983-copy-1170x1762.jpg 1170w\" sizes=\"(max-width: 1700px) 100vw, 1700px\" \/><\/div><\/div><div class=\"wp-block-getwid-images-stack__media-wrapper\"><div class=\"wp-block-getwid-images-stack__media-inner-wrapper\"><img loading=\"lazy\" width=\"2560\" height=\"1700\" class=\"wp-block-getwid-images-stack__media wp-image-1124\" src=\"https:\/\/apartamentyleba.com.pl\/wp-content\/uploads\/2019\/06\/DSC3985-copy-scaled.jpg\" data-id=\"1124\" data-link=\"https:\/\/apartamentyleba.com.pl\/index.php\/accommodation\/standard-single-room\/_dsc3985-copy\/\" srcset=\"https:\/\/apartamentyleba.com.pl\/wp-content\/uploads\/2019\/06\/DSC3985-copy-scaled.jpg 2560w, https:\/\/apartamentyleba.com.pl\/wp-content\/uploads\/2019\/06\/DSC3985-copy-300x199.jpg 300w, https:\/\/apartamentyleba.com.pl\/wp-content\/uploads\/2019\/06\/DSC3985-copy-1024x680.jpg 1024w, https:\/\/apartamentyleba.com.pl\/wp-content\/uploads\/2019\/06\/DSC3985-copy-768x510.jpg 768w, https:\/\/apartamentyleba.com.pl\/wp-content\/uploads\/2019\/06\/DSC3985-copy-1536x1020.jpg 1536w, https:\/\/apartamentyleba.com.pl\/wp-content\/uploads\/2019\/06\/DSC3985-copy-2048x1360.jpg 2048w, https:\/\/apartamentyleba.com.pl\/wp-content\/uploads\/2019\/06\/DSC3985-copy-1170x777.jpg 1170w\" sizes=\"(max-width: 2560px) 100vw, 2560px\" \/><\/div><\/div><div class=\"wp-block-getwid-images-stack__media-wrapper\"><div class=\"wp-block-getwid-images-stack__media-inner-wrapper\"><img loading=\"lazy\" width=\"2560\" height=\"1700\" class=\"wp-block-getwid-images-stack__media wp-image-1115\" src=\"https:\/\/apartamentyleba.com.pl\/wp-content\/uploads\/2020\/07\/DSC3935-copy-scaled.jpg\" data-id=\"1115\" data-link=\"https:\/\/apartamentyleba.com.pl\/index.php\/accommodation\/pokoj-2-osobowy\/_dsc3935-copy\/\" srcset=\"https:\/\/apartamentyleba.com.pl\/wp-content\/uploads\/2020\/07\/DSC3935-copy-scaled.jpg 2560w, https:\/\/apartamentyleba.com.pl\/wp-content\/uploads\/2020\/07\/DSC3935-copy-300x199.jpg 300w, https:\/\/apartamentyleba.com.pl\/wp-content\/uploads\/2020\/07\/DSC3935-copy-1024x680.jpg 1024w, https:\/\/apartamentyleba.com.pl\/wp-content\/uploads\/2020\/07\/DSC3935-copy-768x510.jpg 768w, https:\/\/apartamentyleba.com.pl\/wp-content\/uploads\/2020\/07\/DSC3935-copy-1536x1020.jpg 1536w, https:\/\/apartamentyleba.com.pl\/wp-content\/uploads\/2020\/07\/DSC3935-copy-2048x1360.jpg 2048w, https:\/\/apartamentyleba.com.pl\/wp-content\/uploads\/2020\/07\/DSC3935-copy-1170x777.jpg 1170w\" sizes=\"(max-width: 2560px) 100vw, 2560px\" \/><\/div><\/div><\/div><\/div><\/div>\n<\/div>\n<\/div>\n<\/div><\/div><\/div><\/div><\/div>\n","protected":false},"excerpt":{"rendered":"<p>Willa Ilona to w\u0142a\u015bciwy wyb\u00f3r dla os\u00f3b poszukuj\u0105cych po\u0142\u0105czenia uroku i dogodnego miejsca, z kt\u00f3rego mo\u017cna zwiedza\u0107 okolic\u0119.<\/p>\n","protected":false},"author":1,"featured_media":449,"parent":0,"menu_order":0,"comment_status":"closed","ping_status":"closed","template":"","meta":[],"_links":{"self":[{"href":"https:\/\/apartamentyleba.com.pl\/index.php\/wp-json\/wp\/v2\/pages\/228"}],"collection":[{"href":"https:\/\/apartamentyleba.com.pl\/index.php\/wp-json\/wp\/v2\/pages"}],"about":[{"href":"https:\/\/apartamentyleba.com.pl\/index.php\/wp-json\/wp\/v2\/types\/page"}],"author":[{"embeddable":true,"href":"https:\/\/apartamentyleba.com.pl\/index.php\/wp-json\/wp\/v2\/users\/1"}],"replies":[{"embeddable":true,"href":"https:\/\/apartamentyleba.com.pl\/index.php\/wp-json\/wp\/v2\/comments?post=228"}],"version-history":[{"count":3,"href":"https:\/\/apartamentyleba.com.pl\/index.php\/wp-json\/wp\/v2\/pages\/228\/revisions"}],"predecessor-version":[{"id":1404,"href":"https:\/\/apartamentyleba.com.pl\/index.php\/wp-json\/wp\/v2\/pages\/228\/revisions\/1404"}],"wp:featuredmedia":[{"embeddable":true,"href":"https:\/\/apartamentyleba.com.pl\/index.php\/wp-json\/wp\/v2\/media\/449"}],"wp:attachment":[{"href":"https:\/\/apartamentyleba.com.pl\/index.php\/wp-json\/wp\/v2\/media?parent=228"}],"curies":[{"name":"wp","href":"https:\/\/api.w.org\/{rel}","templated":true}]}}