{"id":358,"date":"2019-07-10T14:40:32","date_gmt":"2019-07-10T14:40:32","guid":{"rendered":"https:\/\/themes.getmotopress.com\/luviana\/?page_id=358"},"modified":"2020-07-02T15:33:19","modified_gmt":"2020-07-02T15:33:19","slug":"offers","status":"publish","type":"page","link":"https:\/\/apartamentyleba.com.pl\/index.php\/home\/offers\/","title":{"rendered":"Atrakcje"},"content":{"rendered":"\n<p>Oferujemy wiele r\u00f3\u017cnych atrakcji, kt\u00f3re mog\u0105 Ci\u0119 zainteresowa\u0107. W naszych willach znajdziemy dla Ciebie ka\u017cdy rodzaj rozrywki uwzgl\u0119dniaj\u0105cy Twoje \u017cyczenia. S\u0105 wycieczki, wydmy, jezioro i plac zabaw, kt\u00f3re Ci\u0119 zafascynuj\u0105!<\/p>\n\n\n\n<!--more-->\n\n\n\n<div style=\"height:50px\" aria-hidden=\"true\" class=\"wp-block-spacer\"><\/div>\n\n\n\n<div class=\"wp-block-getwid-section alignfull alignfull getwid-margin-top-none getwid-margin-bottom-none\"><div class=\"wp-block-getwid-section__wrapper getwid-padding-top-none getwid-padding-bottom-normal getwid-padding-left-medium getwid-padding-right-medium getwid-padding-mobile-left-small getwid-padding-mobile-right-small\"><div class=\"wp-block-getwid-section__inner-wrapper\"><div class=\"wp-block-getwid-section__background-holder\"><div class=\"wp-block-getwid-section__background\"><\/div><div class=\"wp-block-getwid-section__foreground\"><\/div><\/div><div class=\"wp-block-getwid-section__content\"><div class=\"wp-block-getwid-section__inner-content\">\n<div class=\"wp-block-columns has-3-columns\">\n<div class=\"wp-block-column\">\n<div class=\"wp-block-getwid-icon-box has-text-center\"><div style=\"margin-bottom:0px\" class=\"wp-block-getwid-icon-box__icon-container is-position-top\"><div class=\"wp-block-getwid-icon-box__icon-wrapper has-text-color has-gold-color\" style=\"font-size:60px;padding:0px\"><i class=\"hotel-ico hotel-icon-24\"><\/i><\/div><\/div><div class=\"wp-block-getwid-icon-box__content\">\n<div class=\"wp-block-getwid-advanced-heading\" style=\"margin-bottom:20px\"><h4 class=\"wp-block-getwid-advanced-heading__content\">P\u0142ywanie<\/h4><\/div>\n\n\n\n<p>Mo\u017cesz aktywnie sp\u0119dza\u0107 czas p\u0142ywaj\u0105c w basenie, kt\u00f3ry zapewniamy. R\u0119czniki, szlafroki i kapcie otrzymujesz przy wej\u015bciu.<\/p>\n<\/div><\/div>\n\n\n\n<div class=\"wp-block-button aligncenter is-style-link\"><a class=\"wp-block-button__link\" href=\"#\">Czytaj wi\u0119cej<\/a><\/div>\n<\/div>\n\n\n\n<div class=\"wp-block-column\">\n<div class=\"wp-block-getwid-icon-box has-text-center\"><div style=\"margin-bottom:0px\" class=\"wp-block-getwid-icon-box__icon-container is-position-top\"><div class=\"wp-block-getwid-icon-box__icon-wrapper has-text-color has-gold-color\" style=\"font-size:60px;padding:0px\"><i class=\"hotel-ico hotel-icon-21\"><\/i><\/div><\/div><div class=\"wp-block-getwid-icon-box__content\">\n<div class=\"wp-block-getwid-advanced-heading\" style=\"margin-bottom:20px\"><h4 class=\"wp-block-getwid-advanced-heading__content\">WiFi Areas<\/h4><\/div>\n\n\n\n<p>W naszym hotelu mo\u017cesz bezp\u0142atnie korzysta\u0107 z WiFi, aby pozosta\u0107 w kontakcie z rodzin\u0105 i przyjacielem podczas odpoczynku. <\/p>\n<\/div><\/div>\n\n\n\n<div class=\"wp-block-button aligncenter is-style-link\"><a class=\"wp-block-button__link\" href=\"#\">CZYTAJ WI\u0118CEJ<\/a><\/div>\n<\/div>\n\n\n\n<div class=\"wp-block-column\">\n<div class=\"wp-block-getwid-icon-box has-text-center\"><div style=\"margin-bottom:0px\" class=\"wp-block-getwid-icon-box__icon-container is-position-top\"><div class=\"wp-block-getwid-icon-box__icon-wrapper has-text-color has-gold-color\" style=\"font-size:60px;padding:0px\"><i class=\"hotel-ico hotel-icon-31\"><\/i><\/div><\/div><div class=\"wp-block-getwid-icon-box__content\">\n<div class=\"wp-block-getwid-advanced-heading\" style=\"margin-bottom:20px\"><h4 class=\"wp-block-getwid-advanced-heading__content\">Pla\u017ce i wydmy<\/h4><\/div>\n\n\n\n<p>Mamy te\u017c prywatn\u0105 pla\u017c\u0119, na kt\u00f3rej mo\u017cna pop\u0142ywa\u0107 w czystej wodzie morskiej, opala\u0107 si\u0119 i wypi\u0107 orze\u017awiaj\u0105cego drinka.<\/p>\n<\/div><\/div>\n\n\n\n<div class=\"wp-block-button aligncenter is-style-link\"><a class=\"wp-block-button__link\" href=\"#\">CZYTAJ WI\u0118CEJ<\/a><\/div>\n<\/div>\n<\/div>\n<\/div><\/div><\/div><\/div><\/div>\n\n\n\n<div class=\"wp-block-getwid-section alignfull alignfull getwid-margin-top-none getwid-margin-bottom-none\"><div class=\"wp-block-getwid-section__wrapper getwid-padding-top-none getwid-padding-bottom-large getwid-padding-left-medium getwid-padding-right-medium getwid-padding-mobile-left-small getwid-padding-mobile-right-small\"><div class=\"wp-block-getwid-section__inner-wrapper\"><div class=\"wp-block-getwid-section__background-holder\"><div class=\"wp-block-getwid-section__background\"><\/div><div class=\"wp-block-getwid-section__foreground\"><\/div><\/div><div class=\"wp-block-getwid-section__content\"><div class=\"wp-block-getwid-section__inner-content\">\n<div class=\"wp-block-columns has-2-columns\">\n<div class=\"wp-block-column\">\n<div class=\"wp-block-getwid-banner has-animation-style4 has-text-animation-opacity-bottom has-foreground-0\"><a href=\"#\" class=\"wp-block-getwid-banner__link\"><div class=\"wp-block-getwid-banner__wrapper\"><img loading=\"lazy\" width=\"1920\" height=\"1440\" src=\"https:\/\/apartamentyleba.com.pl\/wp-content\/uploads\/2020\/07\/leba-ruchome-wydmy.jpg\" alt=\"\" class=\"wp-block-getwid-banner__image wp-block-getwid-banner__source wp-image-1060\" srcset=\"https:\/\/apartamentyleba.com.pl\/wp-content\/uploads\/2020\/07\/leba-ruchome-wydmy.jpg 1920w, https:\/\/apartamentyleba.com.pl\/wp-content\/uploads\/2020\/07\/leba-ruchome-wydmy-300x225.jpg 300w, https:\/\/apartamentyleba.com.pl\/wp-content\/uploads\/2020\/07\/leba-ruchome-wydmy-1024x768.jpg 1024w, https:\/\/apartamentyleba.com.pl\/wp-content\/uploads\/2020\/07\/leba-ruchome-wydmy-768x576.jpg 768w, https:\/\/apartamentyleba.com.pl\/wp-content\/uploads\/2020\/07\/leba-ruchome-wydmy-1536x1152.jpg 1536w, https:\/\/apartamentyleba.com.pl\/wp-content\/uploads\/2020\/07\/leba-ruchome-wydmy-1170x878.jpg 1170w\" sizes=\"(max-width: 1920px) 100vw, 1920px\" \/><div class=\"wp-block-getwid-banner__caption\"><div class=\"wp-block-getwid-banner__caption-wrapper\"><span class=\"wp-block-getwid-banner__title\"><strong>Wydmy<\/strong><\/span><p class=\"wp-block-getwid-banner__text\">Ruchome wydmy to jedna z atrakcji w pobli\u017cu naszych willi dla Twego rado\u015bci <\/p><\/div><\/div><\/div><\/a><\/div>\n<\/div>\n\n\n\n<div class=\"wp-block-column\">\n<div class=\"wp-block-getwid-banner has-animation-style4 has-text-animation-opacity-bottom has-foreground-0\"><a href=\"#\" class=\"wp-block-getwid-banner__link\"><div class=\"wp-block-getwid-banner__wrapper\"><img loading=\"lazy\" width=\"2560\" height=\"1700\" src=\"https:\/\/apartamentyleba.com.pl\/wp-content\/uploads\/2020\/07\/DSC4226-copy-scaled.jpg\" alt=\"\" class=\"wp-block-getwid-banner__image wp-block-getwid-banner__source wp-image-1058\" srcset=\"https:\/\/apartamentyleba.com.pl\/wp-content\/uploads\/2020\/07\/DSC4226-copy-scaled.jpg 2560w, https:\/\/apartamentyleba.com.pl\/wp-content\/uploads\/2020\/07\/DSC4226-copy-300x199.jpg 300w, https:\/\/apartamentyleba.com.pl\/wp-content\/uploads\/2020\/07\/DSC4226-copy-1024x680.jpg 1024w, https:\/\/apartamentyleba.com.pl\/wp-content\/uploads\/2020\/07\/DSC4226-copy-768x510.jpg 768w, https:\/\/apartamentyleba.com.pl\/wp-content\/uploads\/2020\/07\/DSC4226-copy-1536x1020.jpg 1536w, https:\/\/apartamentyleba.com.pl\/wp-content\/uploads\/2020\/07\/DSC4226-copy-2048x1360.jpg 2048w, https:\/\/apartamentyleba.com.pl\/wp-content\/uploads\/2020\/07\/DSC4226-copy-1170x777.jpg 1170w\" sizes=\"(max-width: 2560px) 100vw, 2560px\" \/><div class=\"wp-block-getwid-banner__caption\"><div class=\"wp-block-getwid-banner__caption-wrapper\"><span class=\"wp-block-getwid-banner__title\"><strong>Plac zabaw<\/strong><\/span><p class=\"wp-block-getwid-banner__text\">Dla dzieci mamy plac zabaw z piaskownic\u0105 i atrakcjami.<\/p><\/div><\/div><\/div><\/a><\/div>\n<\/div>\n<\/div>\n<\/div><\/div><\/div><\/div><\/div>\n\n\n\n<div class=\"wp-block-getwid-section alignfull alignfull getwid-margin-top-none getwid-margin-bottom-none\"><div class=\"wp-block-getwid-section__wrapper getwid-padding-top-none getwid-padding-bottom-none getwid-padding-left-medium getwid-padding-right-medium getwid-padding-mobile-left-small getwid-padding-mobile-right-small\"><div class=\"wp-block-getwid-section__inner-wrapper\"><div class=\"wp-block-getwid-section__background-holder\"><div class=\"wp-block-getwid-section__background\" style=\"background-image:url('https:\/\/apartamentyleba.com.pl\/wp-content\/uploads\/2020\/07\/DSC4303-scaled.jpg')\"><div class=\"wp-block-getwid-section__background-image-wrapper\"><img class=\"wp-block-getwid-section__background-image\" src=\"https:\/\/apartamentyleba.com.pl\/wp-content\/uploads\/2020\/07\/DSC4303-scaled.jpg\" alt=\"\"\/><\/div><\/div><div class=\"wp-block-getwid-section__foreground\"><\/div><\/div><div class=\"wp-block-getwid-section__content\"><div class=\"wp-block-getwid-section__inner-content\">\n<div class=\"wp-block-getwid-section\" style=\"margin-top:-60px;margin-bottom:-60px\"><div class=\"wp-block-getwid-section__wrapper getwid-padding-left-normal getwid-padding-right-normal getwid-margin-tablet-right-none\" style=\"margin-right:50%;padding-top:109px;padding-bottom:110px\"><div class=\"wp-block-getwid-section__inner-wrapper\"><div class=\"wp-block-getwid-section__background-holder\"><div class=\"wp-block-getwid-section__background has-background has-blue-background-color\"><\/div><div class=\"wp-block-getwid-section__foreground\" style=\"background-image:url('https:\/\/apartamentyleba.com.pl\/wp-content\/uploads\/2019\/07\/image_testimonials.png');background-position:top left;background-size:auto\"><\/div><\/div><div class=\"wp-block-getwid-section__content\"><div class=\"wp-block-getwid-section__inner-content\">\n<div class=\"wp-block-getwid-advanced-heading has-custom-font-size\" style=\"font-size:31px;margin-bottom:40px\"><h3 class=\"wp-block-getwid-advanced-heading__content has-text-color has-white-color\">Udogodnienia<\/h3><\/div>\n\n\n\n<p class=\"has-text-color has-white-color\">Willa Ilona zapewnia wszystkim go\u015bciom niezb\u0119dne udogodnienia, dzi\u0119ki kt\u00f3rym ich pobyt w naszej posiad\u0142osci b\u0119dzie niezapomniany i przyjemny. Dbamy o Tw\u00f3j pobyt tutaj i zaaran\u017cowali\u015bmy wszystkie udogodnienia potrzebne do komfortu i spokojnego wypoczynku.<\/p>\n\n\n\n<div style=\"height:30px\" aria-hidden=\"true\" class=\"wp-block-spacer\"><\/div>\n\n\n\n<div class=\"wp-block-columns has-3-columns\">\n<div class=\"wp-block-column\">\n<div class=\"wp-block-getwid-icon-box has-text-center\"><div style=\"margin-bottom:12px\" class=\"wp-block-getwid-icon-box__icon-container has-layout-stacked is-position-top\"><div class=\"wp-block-getwid-icon-box__icon-wrapper has-background has-white-background-color has-text-color has-gold-color\" style=\"font-size:18px;padding:20px\"><i class=\"fas fa-tv\"><\/i><\/div><\/div><div class=\"wp-block-getwid-icon-box__content\">\n<div class=\"wp-block-getwid-advanced-heading\"><h6 class=\"wp-block-getwid-advanced-heading__content has-text-color has-white-color\">TV<\/h6><\/div>\n<\/div><\/div>\n\n\n\n<div class=\"wp-block-getwid-icon-box has-text-center\"><div style=\"margin-bottom:12px\" class=\"wp-block-getwid-icon-box__icon-container has-layout-stacked is-position-top\"><div class=\"wp-block-getwid-icon-box__icon-wrapper has-background has-white-background-color has-text-color has-gold-color\" style=\"font-size:18px;padding:20px\"><i class=\"fas fa-cocktail\"><\/i><\/div><\/div><div class=\"wp-block-getwid-icon-box__content\">\n<div class=\"wp-block-getwid-advanced-heading\"><h6 class=\"wp-block-getwid-advanced-heading__content has-text-color has-white-color\">Kuchnia<\/h6><\/div>\n<\/div><\/div>\n<\/div>\n\n\n\n<div class=\"wp-block-column\">\n<div class=\"wp-block-getwid-icon-box has-text-center\"><div style=\"margin-bottom:12px\" class=\"wp-block-getwid-icon-box__icon-container has-layout-stacked is-position-top\"><div class=\"wp-block-getwid-icon-box__icon-wrapper has-background has-white-background-color has-text-color has-gold-color\" style=\"font-size:18px;padding:20px\"><i class=\"fas fa-bed\"><\/i><\/div><\/div><div class=\"wp-block-getwid-icon-box__content\">\n<div class=\"wp-block-getwid-advanced-heading\"><h6 class=\"wp-block-getwid-advanced-heading__content has-text-color has-white-color\">Wygodne \u0142\u00f3zka<\/h6><\/div>\n<\/div><\/div>\n\n\n\n<div class=\"wp-block-getwid-icon-box has-text-center\"><div style=\"margin-bottom:12px\" class=\"wp-block-getwid-icon-box__icon-container has-layout-stacked is-position-top\"><div class=\"wp-block-getwid-icon-box__icon-wrapper has-background has-white-background-color has-text-color has-gold-color\" style=\"font-size:18px;padding:20px\"><i class=\"fas fa-snowflake\"><\/i><\/div><\/div><div class=\"wp-block-getwid-icon-box__content\">\n<div class=\"wp-block-getwid-advanced-heading\"><h6 class=\"wp-block-getwid-advanced-heading__content has-text-color has-white-color\">Klimatyzacja<\/h6><\/div>\n<\/div><\/div>\n<\/div>\n\n\n\n<div class=\"wp-block-column\">\n<div class=\"wp-block-getwid-icon-box has-text-center\"><div style=\"margin-bottom:12px\" class=\"wp-block-getwid-icon-box__icon-container has-layout-stacked is-position-top\"><div class=\"wp-block-getwid-icon-box__icon-wrapper has-background has-white-background-color has-text-color has-gold-color\" style=\"font-size:18px;padding:20px\"><i class=\"fas fa-smoking\"><\/i><\/div><\/div><div class=\"wp-block-getwid-icon-box__content\">\n<div class=\"wp-block-getwid-advanced-heading\"><h6 class=\"wp-block-getwid-advanced-heading__content has-text-color has-white-color\">Strefa bez dymu<\/h6><\/div>\n<\/div><\/div>\n\n\n\n<div class=\"wp-block-getwid-icon-box has-text-center\"><div style=\"margin-bottom:12px\" class=\"wp-block-getwid-icon-box__icon-container has-layout-stacked is-position-top\"><div class=\"wp-block-getwid-icon-box__icon-wrapper has-background has-white-background-color has-text-color has-gold-color\" style=\"font-size:18px;padding:20px\"><i class=\"fas fa-bath\"><\/i><\/div><\/div><div class=\"wp-block-getwid-icon-box__content\">\n<div class=\"wp-block-getwid-advanced-heading\"><h6 class=\"wp-block-getwid-advanced-heading__content has-text-color has-white-color\">Wanna<\/h6><\/div>\n<\/div><\/div>\n<\/div>\n<\/div>\n<\/div><\/div><\/div><\/div><\/div>\n<\/div><\/div><\/div><\/div><\/div>\n\n\n\n<div class=\"wp-block-getwid-section alignfull alignfull getwid-margin-top-none getwid-margin-bottom-none\"><div class=\"wp-block-getwid-section__wrapper getwid-padding-top-large getwid-padding-bottom-none getwid-padding-left-medium getwid-padding-right-medium getwid-padding-mobile-left-small getwid-padding-mobile-right-small\"><div class=\"wp-block-getwid-section__inner-wrapper\"><div class=\"wp-block-getwid-section__background-holder\"><div class=\"wp-block-getwid-section__background\"><\/div><div class=\"wp-block-getwid-section__foreground\"><\/div><\/div><div class=\"wp-block-getwid-section__content\"><div class=\"wp-block-getwid-section__inner-content\">\n<div class=\"wp-block-columns has-2-columns\">\n<div class=\"wp-block-column\">\n<div class=\"wp-block-getwid-section\"><div class=\"wp-block-getwid-section__wrapper getwid-padding-top-none getwid-padding-bottom-none getwid-padding-left-none getwid-padding-tablet-right-none\" style=\"padding-right:30px\"><div class=\"wp-block-getwid-section__inner-wrapper\"><div class=\"wp-block-getwid-section__background-holder\"><div class=\"wp-block-getwid-section__background\"><\/div><div class=\"wp-block-getwid-section__foreground\"><\/div><\/div><div class=\"wp-block-getwid-section__content\"><div class=\"wp-block-getwid-section__inner-content\">\n<div class=\"wp-block-getwid-advanced-heading is-style-style-1 has-custom-font-size\" style=\"font-size:12px;margin-bottom:10px\"><p class=\"wp-block-getwid-advanced-heading__content\" style=\"text-transform:uppercase;letter-spacing:1px\">NASZE UDOGODNIENIA<\/p><\/div>\n\n\n\n<div class=\"wp-block-getwid-advanced-heading is-style-default\" style=\"margin-bottom:30px\"><h2 class=\"wp-block-getwid-advanced-heading__content\" style=\"text-transform:none;letter-spacing:1px\">Atrakcje \u0141eby<\/h2><\/div>\n\n\n\n<p>Miasto \u0141eba to bogata oferta turystyczna obfituj\u0105ca w liczne atrakcje turystyczne, do g\u0142\u00f3wnych zaliczany jest najwi\u0119kszy w Polsce park dinozaur\u00f3w &#8211; \u0141eba Park, a tak\u017ce stadnina koni , park linowy oraz wystawa motyli. Zr\u00f3\u017cnicowana baza noclegowa to m.in. hotele, pensjonaty, domy wczasowe, campingi, pokoje go\u015bcinne, domki letniskowe oraz o\u015brodki wczasowe. Restauracje, bary i puby serwuj\u0105 przysmaki kuchni regionalnej &#8211; dania z ryb morskich. Go\u015bcinni i gospodarni mieszka\u0144cy zapewniaj\u0105 noclegi i dbaj\u0105 o atrakcyjno\u015b\u0107 pobytu swoich go\u015bci.<\/p>\n\n\n\n<p>Atrakcje ciesz\u0105ce si\u0119 najwi\u0119ksz\u0105 popularno\u015bci\u0105 w \u0141ebie to\u00a0<a rel=\"noreferrer noopener\" href=\"https:\/\/www.noclegowo.pl\/atrakcje\/leba\/70\" target=\"_blank\">S\u0142owi\u0144ski Rezerwat Biosfery<\/a>\u00a0i\u00a0<a rel=\"noreferrer noopener\" href=\"https:\/\/www.noclegowo.pl\/atrakcje\/leba\/393\" target=\"_blank\">Port jachtowy<\/a>.<\/p>\n\n\n\n<div style=\"height:20px\" aria-hidden=\"true\" class=\"wp-block-spacer\"><\/div>\n\n\n\n<div class=\"wp-block-button is-style-default\"><a class=\"wp-block-button__link\" href=\"#\">Czytaj wiecej<\/a><\/div>\n<\/div><\/div><\/div><\/div><\/div>\n<\/div>\n\n\n\n<div class=\"wp-block-column\">\n<div class=\"wp-block-getwid-images-stack is-layout-delta\"><div class=\"wp-block-getwid-images-stack__wrapper\"><div class=\"wp-block-getwid-images-stack__chunk\"><div class=\"wp-block-getwid-images-stack__media-wrapper\"><div class=\"wp-block-getwid-images-stack__media-inner-wrapper\"><img loading=\"lazy\" width=\"512\" height=\"384\" class=\"wp-block-getwid-images-stack__media wp-image-1063\" src=\"https:\/\/apartamentyleba.com.pl\/wp-content\/uploads\/2020\/07\/slizg.jpg\" data-id=\"1063\" data-link=\"https:\/\/apartamentyleba.com.pl\/index.php\/home\/offers\/slizg\/\" srcset=\"https:\/\/apartamentyleba.com.pl\/wp-content\/uploads\/2020\/07\/slizg.jpg 512w, https:\/\/apartamentyleba.com.pl\/wp-content\/uploads\/2020\/07\/slizg-300x225.jpg 300w\" sizes=\"(max-width: 512px) 100vw, 512px\" \/><\/div><\/div><div class=\"wp-block-getwid-images-stack__media-wrapper\"><div class=\"wp-block-getwid-images-stack__media-inner-wrapper\"><img loading=\"lazy\" width=\"978\" height=\"550\" class=\"wp-block-getwid-images-stack__media wp-image-1064\" src=\"https:\/\/apartamentyleba.com.pl\/wp-content\/uploads\/2020\/07\/\u0142eba-Park-6.jpg\" data-id=\"1064\" data-link=\"https:\/\/apartamentyleba.com.pl\/index.php\/home\/offers\/leba-park-6\/\" srcset=\"https:\/\/apartamentyleba.com.pl\/wp-content\/uploads\/2020\/07\/\u0142eba-Park-6.jpg 978w, https:\/\/apartamentyleba.com.pl\/wp-content\/uploads\/2020\/07\/\u0142eba-Park-6-300x169.jpg 300w, https:\/\/apartamentyleba.com.pl\/wp-content\/uploads\/2020\/07\/\u0142eba-Park-6-768x432.jpg 768w\" sizes=\"(max-width: 978px) 100vw, 978px\" \/><\/div><\/div><div class=\"wp-block-getwid-images-stack__media-wrapper\"><div class=\"wp-block-getwid-images-stack__media-inner-wrapper\"><img loading=\"lazy\" width=\"850\" height=\"630\" class=\"wp-block-getwid-images-stack__media wp-image-1065\" src=\"https:\/\/apartamentyleba.com.pl\/wp-content\/uploads\/2020\/07\/labirynt.jpg\" data-id=\"1065\" data-link=\"https:\/\/apartamentyleba.com.pl\/index.php\/home\/offers\/labirynt\/\" srcset=\"https:\/\/apartamentyleba.com.pl\/wp-content\/uploads\/2020\/07\/labirynt.jpg 850w, https:\/\/apartamentyleba.com.pl\/wp-content\/uploads\/2020\/07\/labirynt-300x222.jpg 300w, https:\/\/apartamentyleba.com.pl\/wp-content\/uploads\/2020\/07\/labirynt-768x569.jpg 768w\" sizes=\"(max-width: 850px) 100vw, 850px\" \/><\/div><\/div><\/div><\/div><\/div>\n<\/div>\n<\/div>\n<\/div><\/div><\/div><\/div><\/div>\n","protected":false},"excerpt":{"rendered":"<p>Willa zajmuje trzy kondygnacje nad morzem. Na parterze opr\u00f3cz recepcji znajduje si\u0119 komfortowy salon, w kt\u00f3rym mo\u017cna usi\u0105\u015b\u0107 i napi\u0107 si\u0119 herbaty.<\/p>\n","protected":false},"author":1,"featured_media":1067,"parent":1028,"menu_order":0,"comment_status":"closed","ping_status":"closed","template":"","meta":[],"_links":{"self":[{"href":"https:\/\/apartamentyleba.com.pl\/index.php\/wp-json\/wp\/v2\/pages\/358"}],"collection":[{"href":"https:\/\/apartamentyleba.com.pl\/index.php\/wp-json\/wp\/v2\/pages"}],"about":[{"href":"https:\/\/apartamentyleba.com.pl\/index.php\/wp-json\/wp\/v2\/types\/page"}],"author":[{"embeddable":true,"href":"https:\/\/apartamentyleba.com.pl\/index.php\/wp-json\/wp\/v2\/users\/1"}],"replies":[{"embeddable":true,"href":"https:\/\/apartamentyleba.com.pl\/index.php\/wp-json\/wp\/v2\/comments?post=358"}],"version-history":[{"count":3,"href":"https:\/\/apartamentyleba.com.pl\/index.php\/wp-json\/wp\/v2\/pages\/358\/revisions"}],"predecessor-version":[{"id":1066,"href":"https:\/\/apartamentyleba.com.pl\/index.php\/wp-json\/wp\/v2\/pages\/358\/revisions\/1066"}],"up":[{"embeddable":true,"href":"https:\/\/apartamentyleba.com.pl\/index.php\/wp-json\/wp\/v2\/pages\/1028"}],"wp:featuredmedia":[{"embeddable":true,"href":"https:\/\/apartamentyleba.com.pl\/index.php\/wp-json\/wp\/v2\/media\/1067"}],"wp:attachment":[{"href":"https:\/\/apartamentyleba.com.pl\/index.php\/wp-json\/wp\/v2\/media?parent=358"}],"curies":[{"name":"wp","href":"https:\/\/api.w.org\/{rel}","templated":true}]}}